{"id":2562,"date":"2021-07-08T15:47:46","date_gmt":"2021-07-08T15:47:46","guid":{"rendered":"http:\/\/omelhorcroissantdaminharua.com\/?page_id=2562"},"modified":"2021-08-13T15:51:47","modified_gmt":"2021-08-13T15:51:47","slug":"vaga-colaborador","status":"publish","type":"page","link":"https:\/\/omelhorcroissantdaminharua.com\/es\/vaga-colaborador\/","title":{"rendered":"Vaga colaborador"},"content":{"rendered":"\t\t<div data-elementor-type=\"wp-page\" data-elementor-id=\"2562\" class=\"elementor elementor-2562\" data-elementor-settings=\"[]\">\n\t\t\t<div class=\"elementor-inner\">\n\t\t\t\t<div class=\"elementor-section-wrap\">\n\t\t\t\t\t\t\t<section class=\"elementor-element elementor-element-2842415 elementor-section-boxed elementor-section-height-default elementor-section-height-default elementor-section elementor-top-section\" data-id=\"2842415\" data-element_type=\"section\">\n\t\t\t\t\t\t<div class=\"elementor-container elementor-column-gap-default\">\n\t\t\t\t<div class=\"elementor-row\">\n\t\t\t\t<div class=\"elementor-element elementor-element-60577c1 elementor-column elementor-col-100 elementor-top-column\" data-id=\"60577c1\" data-element_type=\"column\">\n\t\t\t<div class=\"elementor-column-wrap  elementor-element-populated\">\n\t\t\t\t\t<div class=\"elementor-widget-wrap\">\n\t\t\t\t<div class=\"elementor-element elementor-element-50f9c03 elementor-widget elementor-widget-heading\" data-id=\"50f9c03\" data-element_type=\"widget\" data-widget_type=\"heading.default\">\n\t\t\t\t<div class=\"elementor-widget-container\">\n\t\t\t<h2 class=\"elementor-heading-title elementor-size-default\">Un secreto:<\/h2>\t\t<\/div>\n\t\t\t\t<\/div>\n\t\t\t\t<div class=\"elementor-element elementor-element-6c3a1fa elementor-widget elementor-widget-heading\" data-id=\"6c3a1fa\" data-element_type=\"widget\" data-widget_type=\"heading.default\">\n\t\t\t\t<div class=\"elementor-widget-container\">\n\t\t\t<h4 class=\"elementor-heading-title elementor-size-default\">\u00a1Los mejores croissants s\u00f3lo se hacen con ayuda de las mejores personas!<\/h4>\t\t<\/div>\n\t\t\t\t<\/div>\n\t\t\t\t<div class=\"elementor-element elementor-element-cf750c9 elementor-hidden-phone elementor-widget elementor-widget-spacer\" data-id=\"cf750c9\" data-element_type=\"widget\" data-widget_type=\"spacer.default\">\n\t\t\t\t<div class=\"elementor-widget-container\">\n\t\t\t\t\t<div class=\"elementor-spacer\">\n\t\t\t<div class=\"elementor-spacer-inner\"><\/div>\n\t\t<\/div>\n\t\t\t\t<\/div>\n\t\t\t\t<\/div>\n\t\t\t\t\t\t<\/div>\n\t\t\t<\/div>\n\t\t<\/div>\n\t\t\t\t\t\t<\/div>\n\t\t\t<\/div>\n\t\t<\/section>\n\t\t\t\t<section class=\"elementor-element elementor-element-b5806c3 elementor-section-boxed elementor-section-height-default elementor-section-height-default elementor-section elementor-top-section\" data-id=\"b5806c3\" data-element_type=\"section\">\n\t\t\t\t\t\t<div class=\"elementor-container elementor-column-gap-default\">\n\t\t\t\t<div class=\"elementor-row\">\n\t\t\t\t<div class=\"elementor-element elementor-element-1de1f30 elementor-column elementor-col-33 elementor-top-column\" data-id=\"1de1f30\" data-element_type=\"column\">\n\t\t\t<div class=\"elementor-column-wrap  elementor-element-populated\">\n\t\t\t\t\t<div class=\"elementor-widget-wrap\">\n\t\t\t\t<div class=\"elementor-element elementor-element-0d75683 elementor-widget elementor-widget-spacer\" data-id=\"0d75683\" data-element_type=\"widget\" data-widget_type=\"spacer.default\">\n\t\t\t\t<div class=\"elementor-widget-container\">\n\t\t\t\t\t<div class=\"elementor-spacer\">\n\t\t\t<div class=\"elementor-spacer-inner\"><\/div>\n\t\t<\/div>\n\t\t\t\t<\/div>\n\t\t\t\t<\/div>\n\t\t\t\t\t\t<\/div>\n\t\t\t<\/div>\n\t\t<\/div>\n\t\t\t\t<div class=\"elementor-element elementor-element-60ee13f elementor-column elementor-col-33 elementor-top-column\" data-id=\"60ee13f\" data-element_type=\"column\">\n\t\t\t<div class=\"elementor-column-wrap  elementor-element-populated\">\n\t\t\t\t\t<div class=\"elementor-widget-wrap\">\n\t\t\t\t<div class=\"elementor-element elementor-element-a4615f0 elementor-widget elementor-widget-heading\" data-id=\"a4615f0\" data-element_type=\"widget\" data-widget_type=\"heading.default\">\n\t\t\t\t<div class=\"elementor-widget-container\">\n\t\t\t<h4 class=\"elementor-heading-title elementor-size-default\">Descripci\u00f3n de funciones<\/h4>\t\t<\/div>\n\t\t\t\t<\/div>\n\t\t\t\t<div class=\"elementor-element elementor-element-967cd2a elementor-widget elementor-widget-text-editor\" data-id=\"967cd2a\" data-element_type=\"widget\" data-widget_type=\"text-editor.default\">\n\t\t\t\t<div class=\"elementor-widget-container\">\n\t\t\t\t\t<div class=\"elementor-text-editor elementor-clearfix\"><p><strong>Tipo de contrato:<\/strong>\u00a0Tiempo Completo<br \/><br \/><strong>Referencia de la oferta:<\/strong> 21-07-2021<br \/><br \/><strong>Zona:\u00a0<\/strong>M\u00e1laga, frente al Mercado Central de Atarazanas<\/p><p>\u00a0<\/p><p>Hornero \u2013 M\u00e1laga, Colaborador de mostrador \u2013 M\u00e1laga, Gerente \u2013 M\u00e1laga<\/p><div><div class=\"fsm fwn fcg\"><div class=\"c-message_actions__container c-message__actions c-message__actions--offscreen\" role=\"group\">\u00a0<\/div><\/div><\/div><p>Obrigado<\/p><\/div>\n\t\t\t\t<\/div>\n\t\t\t\t<\/div>\n\t\t\t\t<div class=\"elementor-element elementor-element-ef7fb5b elementor-widget elementor-widget-spacer\" data-id=\"ef7fb5b\" data-element_type=\"widget\" data-widget_type=\"spacer.default\">\n\t\t\t\t<div class=\"elementor-widget-container\">\n\t\t\t\t\t<div class=\"elementor-spacer\">\n\t\t\t<div class=\"elementor-spacer-inner\"><\/div>\n\t\t<\/div>\n\t\t\t\t<\/div>\n\t\t\t\t<\/div>\n\t\t\t\t\t\t<\/div>\n\t\t\t<\/div>\n\t\t<\/div>\n\t\t\t\t<div class=\"elementor-element elementor-element-b40e608 elementor-column elementor-col-33 elementor-top-column\" data-id=\"b40e608\" data-element_type=\"column\">\n\t\t\t<div class=\"elementor-column-wrap  elementor-element-populated\">\n\t\t\t\t\t<div class=\"elementor-widget-wrap\">\n\t\t\t\t<div class=\"elementor-element elementor-element-c5c22fe elementor-widget elementor-widget-spacer\" data-id=\"c5c22fe\" data-element_type=\"widget\" data-widget_type=\"spacer.default\">\n\t\t\t\t<div class=\"elementor-widget-container\">\n\t\t\t\t\t<div class=\"elementor-spacer\">\n\t\t\t<div class=\"elementor-spacer-inner\"><\/div>\n\t\t<\/div>\n\t\t\t\t<\/div>\n\t\t\t\t<\/div>\n\t\t\t\t\t\t<\/div>\n\t\t\t<\/div>\n\t\t<\/div>\n\t\t\t\t\t\t<\/div>\n\t\t\t<\/div>\n\t\t<\/section>\n\t\t\t\t<section class=\"elementor-element elementor-element-681e642 elementor-section-boxed elementor-section-height-default elementor-section-height-default elementor-section elementor-top-section\" data-id=\"681e642\" data-element_type=\"section\">\n\t\t\t\t\t\t<div class=\"elementor-container elementor-column-gap-default\">\n\t\t\t\t<div class=\"elementor-row\">\n\t\t\t\t<div class=\"elementor-element elementor-element-30e8f0e elementor-column elementor-col-50 elementor-top-column\" data-id=\"30e8f0e\" data-element_type=\"column\">\n\t\t\t<div class=\"elementor-column-wrap  elementor-element-populated\">\n\t\t\t\t\t<div class=\"elementor-widget-wrap\">\n\t\t\t\t<div class=\"elementor-element elementor-element-61915b5 elementor-widget elementor-widget-image\" data-id=\"61915b5\" data-element_type=\"widget\" data-widget_type=\"image.default\">\n\t\t\t\t<div class=\"elementor-widget-container\">\n\t\t\t\t\t<div class=\"elementor-image\">\n\t\t\t\t\t\t\t\t\t\t<img width=\"797\" height=\"1024\" src=\"https:\/\/omelhorcroissantdaminharua.com\/es\/wp-content\/uploads\/2020\/07\/98303116_2431931627098264_4798036991474139136_o-797x1024.jpg\" class=\"attachment-large size-large\" alt=\"\" loading=\"lazy\" srcset=\"https:\/\/omelhorcroissantdaminharua.com\/es\/wp-content\/uploads\/2020\/07\/98303116_2431931627098264_4798036991474139136_o-797x1024.jpg 797w, https:\/\/omelhorcroissantdaminharua.com\/es\/wp-content\/uploads\/2020\/07\/98303116_2431931627098264_4798036991474139136_o-233x300.jpg 233w, https:\/\/omelhorcroissantdaminharua.com\/es\/wp-content\/uploads\/2020\/07\/98303116_2431931627098264_4798036991474139136_o-768x987.jpg 768w, https:\/\/omelhorcroissantdaminharua.com\/es\/wp-content\/uploads\/2020\/07\/98303116_2431931627098264_4798036991474139136_o-900x1156.jpg 900w, https:\/\/omelhorcroissantdaminharua.com\/es\/wp-content\/uploads\/2020\/07\/98303116_2431931627098264_4798036991474139136_o-400x514.jpg 400w, https:\/\/omelhorcroissantdaminharua.com\/es\/wp-content\/uploads\/2020\/07\/98303116_2431931627098264_4798036991474139136_o.jpg 1081w\" sizes=\"(max-width: 797px) 100vw, 797px\" \/>\t\t\t\t\t\t\t\t\t\t\t<\/div>\n\t\t\t\t<\/div>\n\t\t\t\t<\/div>\n\t\t\t\t\t\t<\/div>\n\t\t\t<\/div>\n\t\t<\/div>\n\t\t\t\t<div class=\"elementor-element elementor-element-29ad4f9 elementor-column elementor-col-50 elementor-top-column\" data-id=\"29ad4f9\" data-element_type=\"column\">\n\t\t\t<div class=\"elementor-column-wrap  elementor-element-populated\">\n\t\t\t\t\t<div class=\"elementor-widget-wrap\">\n\t\t\t\t<div class=\"elementor-element elementor-element-f3c5483 eael-contact-form-7-button-custom elementor-widget elementor-widget-eael-contact-form-7\" data-id=\"f3c5483\" data-element_type=\"widget\" data-widget_type=\"eael-contact-form-7.default\">\n\t\t\t\t<div class=\"elementor-widget-container\">\n\t\t\t<div class=\"eael-contact-form-7-wrapper\">\n                <div class=\"eael-contact-form eael-contact-form-7 eael-contact-form-f3c5483 placeholder-show eael-contact-form-align-default\"><div role=\"form\" class=\"wpcf7\" id=\"wpcf7-f2559-o1\" lang=\"en-US\" dir=\"ltr\">\n<div class=\"screen-reader-response\"><p role=\"status\" aria-live=\"polite\" aria-atomic=\"true\"><\/p> <ul><\/ul><\/div>\n<form action=\"\/es\/wp-json\/wp\/v2\/pages\/2562#wpcf7-f2559-o1\" method=\"post\" class=\"wpcf7-form init\" enctype=\"multipart\/form-data\" novalidate=\"novalidate\" data-status=\"init\">\n<div style=\"display: none;\">\n<input type=\"hidden\" name=\"_wpcf7\" value=\"2559\" \/>\n<input type=\"hidden\" name=\"_wpcf7_version\" value=\"5.3.2\" \/>\n<input type=\"hidden\" name=\"_wpcf7_locale\" value=\"en_US\" \/>\n<input type=\"hidden\" name=\"_wpcf7_unit_tag\" value=\"wpcf7-f2559-o1\" \/>\n<input type=\"hidden\" name=\"_wpcf7_container_post\" value=\"0\" \/>\n<input type=\"hidden\" name=\"_wpcf7_posted_data_hash\" value=\"\" \/>\n<input type=\"hidden\" name=\"_wpcf7_recaptcha_response\" value=\"\" \/>\n<\/div>\n<p><label> Nombre Completo <b style=\"color: red;\">*<\/b>:<br \/>\n    <span class=\"wpcf7-form-control-wrap your-name\"><input type=\"text\" name=\"your-name\" value=\"\" size=\"40\" class=\"wpcf7-form-control wpcf7-text wpcf7-validates-as-required\" aria-required=\"true\" aria-invalid=\"false\" \/><\/span> <\/label><\/p>\n<p><label> Tel\u00e9fono<b style=\"color: red;\">*<\/b><br \/>\n    <span class=\"wpcf7-form-control-wrap telefone\"><input type=\"tel\" name=\"telefone\" value=\"\" size=\"40\" class=\"wpcf7-form-control wpcf7-text wpcf7-tel wpcf7-validates-as-required wpcf7-validates-as-tel\" aria-required=\"true\" aria-invalid=\"false\" \/><\/span> <\/label><\/p>\n<p><label> Email<b style=\"color: red;\">*<\/b><br \/>\n    <span class=\"wpcf7-form-control-wrap your-email\"><input type=\"email\" name=\"your-email\" value=\"\" size=\"40\" class=\"wpcf7-form-control wpcf7-text wpcf7-email wpcf7-validates-as-required wpcf7-validates-as-email\" aria-required=\"true\" aria-invalid=\"false\" \/><\/span> <\/label><\/p>\n<p><label> Carta de Presentaci\u00f3n<b style=\"color: red;\">*<\/b>:<br \/>\n    <span class=\"wpcf7-form-control-wrap your-message\"><textarea name=\"your-message\" cols=\"40\" rows=\"10\" class=\"wpcf7-form-control wpcf7-textarea\" aria-invalid=\"false\"><\/textarea><\/span> <\/label><\/p>\n<p><label> Curriculum Vitae<b style=\"color: red;\">*<\/b><br \/>\n    <span class=\"wpcf7-form-control-wrap Cv\"><input type=\"file\" name=\"Cv\" size=\"40\" class=\"wpcf7-form-control wpcf7-file wpcf7-validates-as-required\" id=\"cv_file\" accept=\".jpg,.jpeg,.png,.gif,.pdf,.doc,.docx,.ppt,.pptx,.odt,.avi,.ogg,.m4a,.mov,.mp3,.mp4,.mpg,.wav,.wmv\" aria-required=\"true\" aria-invalid=\"false\" \/><\/span> <\/label><\/p>\n<p><label><br \/>\n<span class=\"wpcf7-form-control-wrap Aceitacao\"><span class=\"wpcf7-form-control wpcf7-checkbox wpcf7-validates-as-required\"><span class=\"wpcf7-list-item first last\"><input type=\"checkbox\" name=\"Aceitacao[]\" value=\"Comprendo y estoy de acuerdo con los t\u00e9rminos y condiciones de la Pol\u00edtica de Privacidade de O Melhor Croissant da Minha Rua.\" \/><span class=\"wpcf7-list-item-label\">Comprendo y estoy de acuerdo con los t\u00e9rminos y condiciones de la Pol\u00edtica de Privacidade de O Melhor Croissant da Minha Rua.<\/span><\/span><\/span><\/span><br \/>\n<\/label><\/p>\n<p><input type=\"submit\" value=\"Enviar\" class=\"wpcf7-form-control wpcf7-submit\" \/><\/p>\n<div class=\"wpcf7-response-output\" aria-hidden=\"true\"><\/div><\/form><\/div><\/div>\n            <\/div>\t\t<\/div>\n\t\t\t\t<\/div>\n\t\t\t\t\t\t<\/div>\n\t\t\t<\/div>\n\t\t<\/div>\n\t\t\t\t\t\t<\/div>\n\t\t\t<\/div>\n\t\t<\/section>\n\t\t\t\t<section class=\"elementor-element elementor-element-8d023c8 elementor-section-boxed elementor-section-height-default elementor-section-height-default elementor-section elementor-top-section\" data-id=\"8d023c8\" data-element_type=\"section\">\n\t\t\t\t\t\t<div class=\"elementor-container elementor-column-gap-default\">\n\t\t\t\t<div class=\"elementor-row\">\n\t\t\t\t<div class=\"elementor-element elementor-element-3d278ec elementor-column elementor-col-100 elementor-top-column\" data-id=\"3d278ec\" data-element_type=\"column\">\n\t\t\t<div class=\"elementor-column-wrap  elementor-element-populated\">\n\t\t\t\t\t<div class=\"elementor-widget-wrap\">\n\t\t\t\t<div class=\"elementor-element elementor-element-6da475b elementor-widget elementor-widget-spacer\" data-id=\"6da475b\" data-element_type=\"widget\" data-widget_type=\"spacer.default\">\n\t\t\t\t<div class=\"elementor-widget-container\">\n\t\t\t\t\t<div class=\"elementor-spacer\">\n\t\t\t<div class=\"elementor-spacer-inner\"><\/div>\n\t\t<\/div>\n\t\t\t\t<\/div>\n\t\t\t\t<\/div>\n\t\t\t\t\t\t<\/div>\n\t\t\t<\/div>\n\t\t<\/div>\n\t\t\t\t\t\t<\/div>\n\t\t\t<\/div>\n\t\t<\/section>\n\t\t\t\t<section class=\"elementor-element elementor-element-6f79fff elementor-section-boxed elementor-section-height-default elementor-section-height-default elementor-section elementor-top-section\" data-id=\"6f79fff\" data-element_type=\"section\">\n\t\t\t\t\t\t<div class=\"elementor-container elementor-column-gap-default\">\n\t\t\t\t<div class=\"elementor-row\">\n\t\t\t\t<div class=\"elementor-element elementor-element-1d6572b elementor-column elementor-col-100 elementor-top-column\" data-id=\"1d6572b\" data-element_type=\"column\">\n\t\t\t<div class=\"elementor-column-wrap  elementor-element-populated\">\n\t\t\t\t\t<div class=\"elementor-widget-wrap\">\n\t\t\t\t<div class=\"elementor-element elementor-element-adf285c elementor-widget elementor-widget-html\" data-id=\"adf285c\" data-element_type=\"widget\" data-widget_type=\"html.default\">\n\t\t\t\t<div class=\"elementor-widget-container\">\n\t\t\t\t<svg class=\"blurp--bottom\"  style=\"text-align: center; margin: auto; margin-top: -300px\" width=\"192\" height=\"61\" version=\"1.1\" id=\"Layer_1\" xmlns=\"http:\/\/www.w3.org\/2000\/svg\" xmlns:xlink=\"http:\/\/www.w3.org\/1999\/xlink\" x=\"0px\" y=\"0px\" viewBox=\"0 0 160.7 61.5\" enable-background=\"new 0 0 160.7 61.5\" xml:space=\"preserve\" style=\"transform: translate3d(0px, 40px, 0px) scale(0.5, 0.5); text-align:center;\"><path fill=\"#FFFFFF\" d=\"M80.3,61.5c0,0,22.1-2.7,43.1-5.4s41-5.4,36.6-5.4c-21.7,0-34.1-12.7-44.9-25.4S95.3,0,80.3,0c-15,0-24.1,12.7-34.9,25.4S22.3,50.8,0.6,50.8c-4.3,0-6.5,0,3.5,1.3S36.2,56.1,80.3,61.5z\"><\/path><\/svg>\n\t\n<div class=\"btn--top\" style=\"text-align: center; margin: auto; color: #000000;\">\n\t\t\t\t<a href=\"#\" class=\"btn--top_text\" style=\"color: #000000;\">\n\t\t\t\t\t<span class=\"btn__arrow btn__arrow--top\" style=\"opacity: 0; border-color: #000000; transform: matrix(0.7071, 0.7071, -0.7071, 0.7071, -5, 15); fill: red;\"><\/span>\n\t\t\t\t\t<span class=\"btn__arrow btn__arrow--bottom\" style=\"opacity: 0; border-color: #000000; transform: matrix(0.7071, 0.7071, -0.7071, 0.7071, -5, 15);\"><\/span>\n\t\t\t\t<\/a>\n\t\t\t<\/div>\n\t\t\t\n\t\t\n\t\t<\/div>\n\t\t\t\t<\/div>\n\t\t\t\t\t\t<\/div>\n\t\t\t<\/div>\n\t\t<\/div>\n\t\t\t\t\t\t<\/div>\n\t\t\t<\/div>\n\t\t<\/section>\n\t\t\t\t\t\t<\/div>\n\t\t\t<\/div>\n\t\t<\/div>\n\t\t","protected":false},"excerpt":{"rendered":"<p>Un secreto: \u00a1Los mejores croissants s\u00f3lo se hacen con ayuda de las mejores personas! Descripci\u00f3n de funciones Tipo de contrato:\u00a0Tiempo Completo Referencia de la oferta: 21-07-2021 Zona:\u00a0M\u00e1laga, frente al Mercado Central de Atarazanas \u00a0 Hornero \u2013 M\u00e1laga, Colaborador de mostrador \u2013 M\u00e1laga, Gerente \u2013 M\u00e1laga \u00a0 Obrigado Nome Completo *: Telefone* Email* Carta de Apresenta\u00e7\u00e3o*:..<\/p>\n","protected":false},"author":4,"featured_media":1603,"parent":0,"menu_order":0,"comment_status":"closed","ping_status":"closed","template":"","meta":{"_exactmetrics_skip_tracking":false,"_exactmetrics_sitenote_active":false,"_exactmetrics_sitenote_note":"","_exactmetrics_sitenote_category":0},"yoast_head":"<!-- This site is optimized with the Yoast SEO plugin v15.6.2 - https:\/\/yoast.com\/wordpress\/plugins\/seo\/ -->\n<meta name=\"description\" content=\"Se O Melhor Croissant da Minha Rua j\u00e1 chegou \u00e0 sua, n\u00e3o deixe de o provar. Se \u00e9 o melhor croissant do mundo? Bem, \u00e9 o melhor da minha rua.\" \/>\n<meta name=\"robots\" content=\"index, follow, max-snippet:-1, max-image-preview:large, max-video-preview:-1\" \/>\n<meta property=\"og:locale\" content=\"en_US\" \/>\n<meta property=\"og:type\" content=\"article\" \/>\n<meta property=\"og:title\" content=\"\u00c9 o melhor croissant do mundo? Bem, \u00e9 o melhor da minha rua.\" \/>\n<meta property=\"og:description\" content=\"Se O Melhor Croissant da Minha Rua j\u00e1 chegou \u00e0 sua, n\u00e3o deixe de o provar. Se \u00e9 o melhor croissant do mundo? Bem, \u00e9 o melhor da minha rua.\" \/>\n<meta property=\"og:url\" content=\"https:\/\/omelhorcroissantdaminharua.com\/es\/vaga-colaborador\/\" \/>\n<meta property=\"og:site_name\" content=\"O Melhor Croissant da Minha Rua\" \/>\n<meta property=\"article:modified_time\" content=\"2021-08-13T15:51:47+00:00\" \/>\n<meta property=\"og:image\" content=\"https:\/\/omelhorcroissantdaminharua.com\/es\/wp-content\/uploads\/2020\/08\/mcmr-marques-tomar-_-lisboa2_banner-scaled.jpg\" \/>\n\t<meta property=\"og:image:width\" content=\"2560\" \/>\n\t<meta property=\"og:image:height\" content=\"1802\" \/>\n<meta name=\"twitter:card\" content=\"summary_large_image\" \/>\n<meta name=\"twitter:label1\" content=\"Est. reading time\">\n\t<meta name=\"twitter:data1\" content=\"1 minute\">\n<script type=\"application\/ld+json\" class=\"yoast-schema-graph\">{\"@context\":\"https:\/\/schema.org\",\"@graph\":[{\"@type\":\"WebSite\",\"@id\":\"https:\/\/omelhorcroissantdaminharua.com\/es\/#website\",\"url\":\"https:\/\/omelhorcroissantdaminharua.com\/es\/\",\"name\":\"O Melhor Croissant da Minha Rua\",\"description\":\"Temos O Croissant Portugu\\u00eas \\u00e0 sua espera em Sesimbra, em Lisboa, em Set\\u00fabal e em Carcavelos, em Alcantara e Odivelas. Venha visitar-nos e delicie-se!\",\"potentialAction\":[{\"@type\":\"SearchAction\",\"target\":\"https:\/\/omelhorcroissantdaminharua.com\/es\/?s={search_term_string}\",\"query-input\":\"required name=search_term_string\"}],\"inLanguage\":\"en-US\"},{\"@type\":\"ImageObject\",\"@id\":\"https:\/\/omelhorcroissantdaminharua.com\/es\/vaga-colaborador\/#primaryimage\",\"inLanguage\":\"en-US\",\"url\":\"https:\/\/omelhorcroissantdaminharua.com\/es\/wp-content\/uploads\/2020\/08\/mcmr-marques-tomar-_-lisboa2_banner-scaled.jpg\",\"width\":2560,\"height\":1802},{\"@type\":\"WebPage\",\"@id\":\"https:\/\/omelhorcroissantdaminharua.com\/es\/vaga-colaborador\/#webpage\",\"url\":\"https:\/\/omelhorcroissantdaminharua.com\/es\/vaga-colaborador\/\",\"name\":\"\\u00c9 o melhor croissant do mundo? Bem, \\u00e9 o melhor da minha rua.\",\"isPartOf\":{\"@id\":\"https:\/\/omelhorcroissantdaminharua.com\/es\/#website\"},\"primaryImageOfPage\":{\"@id\":\"https:\/\/omelhorcroissantdaminharua.com\/es\/vaga-colaborador\/#primaryimage\"},\"datePublished\":\"2021-07-08T15:47:46+00:00\",\"dateModified\":\"2021-08-13T15:51:47+00:00\",\"description\":\"Se O Melhor Croissant da Minha Rua j\\u00e1 chegou \\u00e0 sua, n\\u00e3o deixe de o provar. Se \\u00e9 o melhor croissant do mundo? Bem, \\u00e9 o melhor da minha rua.\",\"inLanguage\":\"en-US\",\"potentialAction\":[{\"@type\":\"ReadAction\",\"target\":[\"https:\/\/omelhorcroissantdaminharua.com\/es\/vaga-colaborador\/\"]}]}]}<\/script>\n<!-- \/ Yoast SEO plugin. -->","_links":{"self":[{"href":"https:\/\/omelhorcroissantdaminharua.com\/es\/wp-json\/wp\/v2\/pages\/2562"}],"collection":[{"href":"https:\/\/omelhorcroissantdaminharua.com\/es\/wp-json\/wp\/v2\/pages"}],"about":[{"href":"https:\/\/omelhorcroissantdaminharua.com\/es\/wp-json\/wp\/v2\/types\/page"}],"author":[{"embeddable":true,"href":"https:\/\/omelhorcroissantdaminharua.com\/es\/wp-json\/wp\/v2\/users\/4"}],"replies":[{"embeddable":true,"href":"https:\/\/omelhorcroissantdaminharua.com\/es\/wp-json\/wp\/v2\/comments?post=2562"}],"version-history":[{"count":7,"href":"https:\/\/omelhorcroissantdaminharua.com\/es\/wp-json\/wp\/v2\/pages\/2562\/revisions"}],"predecessor-version":[{"id":2727,"href":"https:\/\/omelhorcroissantdaminharua.com\/es\/wp-json\/wp\/v2\/pages\/2562\/revisions\/2727"}],"wp:featuredmedia":[{"embeddable":true,"href":"https:\/\/omelhorcroissantdaminharua.com\/es\/wp-json\/wp\/v2\/media\/1603"}],"wp:attachment":[{"href":"https:\/\/omelhorcroissantdaminharua.com\/es\/wp-json\/wp\/v2\/media?parent=2562"}],"curies":[{"name":"wp","href":"https:\/\/api.w.org\/{rel}","templated":true}]}}