{"id":1001,"date":"2020-07-06T11:45:26","date_gmt":"2020-07-06T11:45:26","guid":{"rendered":"https:\/\/paulofevereiro.com\/nove-mcdr\/?page_id=1001"},"modified":"2021-08-23T12:49:29","modified_gmt":"2021-08-23T12:49:29","slug":"contatos","status":"publish","type":"page","link":"https:\/\/omelhorcroissantdaminharua.com\/es\/contatos\/","title":{"rendered":"Contactos"},"content":{"rendered":"\t\t<div data-elementor-type=\"wp-page\" data-elementor-id=\"1001\" class=\"elementor elementor-1001\" data-elementor-settings=\"[]\">\n\t\t\t<div class=\"elementor-inner\">\n\t\t\t\t<div class=\"elementor-section-wrap\">\n\t\t\t\t\t\t\t<section class=\"elementor-element elementor-element-9d3dccb elementor-section-boxed elementor-section-height-default elementor-section-height-default elementor-section elementor-top-section\" data-id=\"9d3dccb\" data-element_type=\"section\">\n\t\t\t\t\t\t<div class=\"elementor-container elementor-column-gap-default\">\n\t\t\t\t<div class=\"elementor-row\">\n\t\t\t\t<div class=\"elementor-element elementor-element-5c0c9c5 elementor-column elementor-col-100 elementor-top-column\" data-id=\"5c0c9c5\" data-element_type=\"column\">\n\t\t\t<div class=\"elementor-column-wrap  elementor-element-populated\">\n\t\t\t\t\t<div class=\"elementor-widget-wrap\">\n\t\t\t\t<div class=\"elementor-element elementor-element-941d68a elementor-widget elementor-widget-heading\" data-id=\"941d68a\" data-element_type=\"widget\" data-widget_type=\"heading.default\">\n\t\t\t\t<div class=\"elementor-widget-container\">\n\t\t\t<h2 class=\"elementor-heading-title elementor-size-default\"> \u00a1Hablemos!<\/h2>\t\t<\/div>\n\t\t\t\t<\/div>\n\t\t\t\t<div class=\"elementor-element elementor-element-c5e04a1 elementor-widget elementor-widget-text-editor\" data-id=\"c5e04a1\" data-element_type=\"widget\" data-widget_type=\"text-editor.default\">\n\t\t\t\t<div class=\"elementor-widget-container\">\n\t\t\t\t\t<div class=\"elementor-text-editor elementor-clearfix\"><p style=\"text-align: center;\">Para asegurarnos de que nos llega tu mensaje, rellena nuestro formulario en esta p\u00e1gina.<br \/>\u00a1Cont\u00e1ctanos!<\/p><\/div>\n\t\t\t\t<\/div>\n\t\t\t\t<\/div>\n\t\t\t\t<div class=\"elementor-element elementor-element-0051dea elementor-widget elementor-widget-spacer\" data-id=\"0051dea\" data-element_type=\"widget\" data-widget_type=\"spacer.default\">\n\t\t\t\t<div class=\"elementor-widget-container\">\n\t\t\t\t\t<div class=\"elementor-spacer\">\n\t\t\t<div class=\"elementor-spacer-inner\"><\/div>\n\t\t<\/div>\n\t\t\t\t<\/div>\n\t\t\t\t<\/div>\n\t\t\t\t\t\t<\/div>\n\t\t\t<\/div>\n\t\t<\/div>\n\t\t\t\t\t\t<\/div>\n\t\t\t<\/div>\n\t\t<\/section>\n\t\t\t\t<section class=\"elementor-element elementor-element-1786132 elementor-section-boxed elementor-section-height-default elementor-section-height-default elementor-section elementor-top-section\" data-id=\"1786132\" data-element_type=\"section\">\n\t\t\t\t\t\t<div class=\"elementor-container elementor-column-gap-default\">\n\t\t\t\t<div class=\"elementor-row\">\n\t\t\t\t<div class=\"elementor-element elementor-element-76dc831 elementor-column elementor-col-50 elementor-top-column\" data-id=\"76dc831\" data-element_type=\"column\">\n\t\t\t<div class=\"elementor-column-wrap  elementor-element-populated\">\n\t\t\t\t\t<div class=\"elementor-widget-wrap\">\n\t\t\t\t<div class=\"elementor-element elementor-element-1069076 elementor-widget elementor-widget-image\" data-id=\"1069076\" data-element_type=\"widget\" data-widget_type=\"image.default\">\n\t\t\t\t<div class=\"elementor-widget-container\">\n\t\t\t\t\t<div class=\"elementor-image\">\n\t\t\t\t\t\t\t\t\t\t<img width=\"869\" height=\"900\" src=\"https:\/\/omelhorcroissantdaminharua.com\/es\/wp-content\/uploads\/2020\/07\/contacto.jpg\" class=\"attachment-large size-large\" alt=\"\" loading=\"lazy\" srcset=\"https:\/\/omelhorcroissantdaminharua.com\/es\/wp-content\/uploads\/2020\/07\/contacto.jpg 869w, https:\/\/omelhorcroissantdaminharua.com\/es\/wp-content\/uploads\/2020\/07\/contacto-290x300.jpg 290w, https:\/\/omelhorcroissantdaminharua.com\/es\/wp-content\/uploads\/2020\/07\/contacto-768x795.jpg 768w, https:\/\/omelhorcroissantdaminharua.com\/es\/wp-content\/uploads\/2020\/07\/contacto-400x414.jpg 400w\" sizes=\"(max-width: 869px) 100vw, 869px\" \/>\t\t\t\t\t\t\t\t\t\t\t<\/div>\n\t\t\t\t<\/div>\n\t\t\t\t<\/div>\n\t\t\t\t\t\t<\/div>\n\t\t\t<\/div>\n\t\t<\/div>\n\t\t\t\t<div class=\"elementor-element elementor-element-497c985 elementor-column elementor-col-50 elementor-top-column\" data-id=\"497c985\" data-element_type=\"column\">\n\t\t\t<div class=\"elementor-column-wrap  elementor-element-populated\">\n\t\t\t\t\t<div class=\"elementor-widget-wrap\">\n\t\t\t\t<div class=\"elementor-element elementor-element-3469306 elementor-widget elementor-widget-heading\" data-id=\"3469306\" data-element_type=\"widget\" data-widget_type=\"heading.default\">\n\t\t\t\t<div class=\"elementor-widget-container\">\n\t\t\t<h3 class=\"elementor-heading-title elementor-size-default\">Env\u00edanos un mensaje.<\/h3>\t\t<\/div>\n\t\t\t\t<\/div>\n\t\t\t\t<div class=\"elementor-element elementor-element-fc12bd0 eael-contact-form-7-button-custom elementor-widget elementor-widget-eael-contact-form-7\" data-id=\"fc12bd0\" data-element_type=\"widget\" data-widget_type=\"eael-contact-form-7.default\">\n\t\t\t\t<div class=\"elementor-widget-container\">\n\t\t\t<div class=\"eael-contact-form-7-wrapper\">\n                <div class=\"eael-contact-form eael-contact-form-7 eael-contact-form-fc12bd0 placeholder-show eael-contact-form-align-default\"><div role=\"form\" class=\"wpcf7\" id=\"wpcf7-f2662-o1\" lang=\"en-US\" dir=\"ltr\">\n<div class=\"screen-reader-response\"><p role=\"status\" aria-live=\"polite\" aria-atomic=\"true\"><\/p> <ul><\/ul><\/div>\n<form action=\"\/es\/wp-json\/wp\/v2\/pages\/1001#wpcf7-f2662-o1\" method=\"post\" class=\"wpcf7-form init\" novalidate=\"novalidate\" data-status=\"init\">\n<div style=\"display: none;\">\n<input type=\"hidden\" name=\"_wpcf7\" value=\"2662\" \/>\n<input type=\"hidden\" name=\"_wpcf7_version\" value=\"5.3.2\" \/>\n<input type=\"hidden\" name=\"_wpcf7_locale\" value=\"en_US\" \/>\n<input type=\"hidden\" name=\"_wpcf7_unit_tag\" value=\"wpcf7-f2662-o1\" \/>\n<input type=\"hidden\" name=\"_wpcf7_container_post\" value=\"0\" \/>\n<input type=\"hidden\" name=\"_wpcf7_posted_data_hash\" value=\"\" \/>\n<input type=\"hidden\" name=\"_wpcf7_recaptcha_response\" value=\"\" \/>\n<\/div>\n<p><label> Nombre<b style=\"color: red;\">*<\/b>:<br \/>\n    <span class=\"wpcf7-form-control-wrap your-name\"><input type=\"text\" name=\"your-name\" value=\"\" size=\"40\" class=\"wpcf7-form-control wpcf7-text wpcf7-validates-as-required\" aria-required=\"true\" aria-invalid=\"false\" \/><\/span> <\/label><\/p>\n<p><label> Email<b style=\"color: red;\">*<\/b><br \/>\n    <span class=\"wpcf7-form-control-wrap your-email\"><input type=\"email\" name=\"your-email\" value=\"\" size=\"40\" class=\"wpcf7-form-control wpcf7-text wpcf7-email wpcf7-validates-as-required wpcf7-validates-as-email\" aria-required=\"true\" aria-invalid=\"false\" \/><\/span> <\/label><\/p>\n<p><label> Asunto<b style=\"color: red;\">*<\/b><br \/>\n    <span class=\"wpcf7-form-control-wrap your-subject\"><input type=\"text\" name=\"your-subject\" value=\"\" size=\"40\" class=\"wpcf7-form-control wpcf7-text\" aria-invalid=\"false\" \/><\/span> <\/label><\/p>\n<p><label> Mensaje<b style=\"color: red;\">*<\/b>:<br \/>\n    <span class=\"wpcf7-form-control-wrap your-message\"><textarea name=\"your-message\" cols=\"40\" rows=\"10\" class=\"wpcf7-form-control wpcf7-textarea\" aria-invalid=\"false\"><\/textarea><\/span> <\/label><\/p>\n<p><label><br \/>\n<span class=\"wpcf7-form-control-wrap Aceitacao\"><span class=\"wpcf7-form-control wpcf7-checkbox wpcf7-validates-as-required\"><span class=\"wpcf7-list-item first last\"><input type=\"checkbox\" name=\"Aceitacao[]\" value=\"Comprendo y estoy de acuerdo con los t\u00e9rminos y condiciones de la Pol\u00edtica de Privacidade de O Melhor Croissant da Minha Rua.\" \/><span class=\"wpcf7-list-item-label\">Comprendo y estoy de acuerdo con los t\u00e9rminos y condiciones de la Pol\u00edtica de Privacidade de O Melhor Croissant da Minha Rua.<\/span><\/span><\/span><\/span><br \/>\n<\/label><\/p>\n<p><input type=\"submit\" value=\"Enviar\" class=\"wpcf7-form-control wpcf7-submit\" \/><\/p>\n<div class=\"wpcf7-response-output\" aria-hidden=\"true\"><\/div><\/form><\/div><\/div>\n            <\/div>\t\t<\/div>\n\t\t\t\t<\/div>\n\t\t\t\t\t\t<\/div>\n\t\t\t<\/div>\n\t\t<\/div>\n\t\t\t\t\t\t<\/div>\n\t\t\t<\/div>\n\t\t<\/section>\n\t\t\t\t<section class=\"elementor-element elementor-element-8d023c8 elementor-section-boxed elementor-section-height-default elementor-section-height-default elementor-section elementor-top-section\" data-id=\"8d023c8\" data-element_type=\"section\">\n\t\t\t\t\t\t<div class=\"elementor-container elementor-column-gap-default\">\n\t\t\t\t<div class=\"elementor-row\">\n\t\t\t\t<div class=\"elementor-element elementor-element-3d278ec elementor-column elementor-col-100 elementor-top-column\" data-id=\"3d278ec\" data-element_type=\"column\">\n\t\t\t<div class=\"elementor-column-wrap  elementor-element-populated\">\n\t\t\t\t\t<div class=\"elementor-widget-wrap\">\n\t\t\t\t<div class=\"elementor-element elementor-element-6da475b elementor-widget elementor-widget-spacer\" data-id=\"6da475b\" data-element_type=\"widget\" data-widget_type=\"spacer.default\">\n\t\t\t\t<div class=\"elementor-widget-container\">\n\t\t\t\t\t<div class=\"elementor-spacer\">\n\t\t\t<div class=\"elementor-spacer-inner\"><\/div>\n\t\t<\/div>\n\t\t\t\t<\/div>\n\t\t\t\t<\/div>\n\t\t\t\t\t\t<\/div>\n\t\t\t<\/div>\n\t\t<\/div>\n\t\t\t\t\t\t<\/div>\n\t\t\t<\/div>\n\t\t<\/section>\n\t\t\t\t\t\t<\/div>\n\t\t\t<\/div>\n\t\t<\/div>\n\t\t","protected":false},"excerpt":{"rendered":"<p>\u00a1Hablemos! Para asegurarnos de que nos llega tu mensaje, rellena nuestro formulario en esta p\u00e1gina.\u00a1Cont\u00e1ctanos! Env\u00edanos un mensaje. Nombre*: Email* Asunto* Mensaje*: Comprendo y estoy de acuerdo con los t\u00e9rminos y condiciones de la Pol\u00edtica de Privacidade de O Melhor Croissant da Minha Rua.<\/p>\n","protected":false},"author":1,"featured_media":1014,"parent":0,"menu_order":0,"comment_status":"closed","ping_status":"closed","template":"","meta":{"_exactmetrics_skip_tracking":false,"_exactmetrics_sitenote_active":false,"_exactmetrics_sitenote_note":"","_exactmetrics_sitenote_category":0},"yoast_head":"<!-- This site is optimized with the Yoast SEO plugin v15.6.2 - https:\/\/yoast.com\/wordpress\/plugins\/seo\/ -->\n<meta name=\"description\" content=\"Se O Melhor Croissant da Minha Rua j\u00e1 chegou \u00e0 sua, n\u00e3o deixe de o provar. Se \u00e9 o melhor croissant do mundo? Bem, \u00e9 o melhor da minha rua.\" \/>\n<meta name=\"robots\" content=\"index, follow, max-snippet:-1, max-image-preview:large, max-video-preview:-1\" \/>\n<meta property=\"og:locale\" content=\"en_US\" \/>\n<meta property=\"og:type\" content=\"article\" \/>\n<meta property=\"og:title\" content=\"\u00c9 o melhor croissant do mundo? Bem, \u00e9 o melhor da minha rua.\" \/>\n<meta property=\"og:description\" content=\"Se O Melhor Croissant da Minha Rua j\u00e1 chegou \u00e0 sua, n\u00e3o deixe de o provar. Se \u00e9 o melhor croissant do mundo? Bem, \u00e9 o melhor da minha rua.\" \/>\n<meta property=\"og:url\" content=\"https:\/\/omelhorcroissantdaminharua.com\/es\/contatos\/\" \/>\n<meta property=\"og:site_name\" content=\"O Melhor Croissant da Minha Rua\" \/>\n<meta property=\"article:modified_time\" content=\"2021-08-23T12:49:29+00:00\" \/>\n<meta property=\"og:image\" content=\"https:\/\/omelhorcroissantdaminharua.com\/es\/wp-content\/uploads\/2020\/07\/mcmr-jun-vf_3-4-copy-scaled.jpg\" \/>\n\t<meta property=\"og:image:width\" content=\"2560\" \/>\n\t<meta property=\"og:image:height\" content=\"1296\" \/>\n<meta name=\"twitter:card\" content=\"summary_large_image\" \/>\n<script type=\"application\/ld+json\" class=\"yoast-schema-graph\">{\"@context\":\"https:\/\/schema.org\",\"@graph\":[{\"@type\":\"WebSite\",\"@id\":\"https:\/\/omelhorcroissantdaminharua.com\/es\/#website\",\"url\":\"https:\/\/omelhorcroissantdaminharua.com\/es\/\",\"name\":\"O Melhor Croissant da Minha Rua\",\"description\":\"Temos O Croissant Portugu\\u00eas \\u00e0 sua espera em Sesimbra, em Lisboa, em Set\\u00fabal e em Carcavelos, em Alcantara e Odivelas. Venha visitar-nos e delicie-se!\",\"potentialAction\":[{\"@type\":\"SearchAction\",\"target\":\"https:\/\/omelhorcroissantdaminharua.com\/es\/?s={search_term_string}\",\"query-input\":\"required name=search_term_string\"}],\"inLanguage\":\"en-US\"},{\"@type\":\"ImageObject\",\"@id\":\"https:\/\/omelhorcroissantdaminharua.com\/es\/contatos\/#primaryimage\",\"inLanguage\":\"en-US\",\"url\":\"https:\/\/omelhorcroissantdaminharua.com\/es\/wp-content\/uploads\/2020\/07\/mcmr-jun-vf_3-4-copy-scaled.jpg\",\"width\":2560,\"height\":1296},{\"@type\":\"WebPage\",\"@id\":\"https:\/\/omelhorcroissantdaminharua.com\/es\/contatos\/#webpage\",\"url\":\"https:\/\/omelhorcroissantdaminharua.com\/es\/contatos\/\",\"name\":\"\\u00c9 o melhor croissant do mundo? Bem, \\u00e9 o melhor da minha rua.\",\"isPartOf\":{\"@id\":\"https:\/\/omelhorcroissantdaminharua.com\/es\/#website\"},\"primaryImageOfPage\":{\"@id\":\"https:\/\/omelhorcroissantdaminharua.com\/es\/contatos\/#primaryimage\"},\"datePublished\":\"2020-07-06T11:45:26+00:00\",\"dateModified\":\"2021-08-23T12:49:29+00:00\",\"description\":\"Se O Melhor Croissant da Minha Rua j\\u00e1 chegou \\u00e0 sua, n\\u00e3o deixe de o provar. Se \\u00e9 o melhor croissant do mundo? Bem, \\u00e9 o melhor da minha rua.\",\"inLanguage\":\"en-US\",\"potentialAction\":[{\"@type\":\"ReadAction\",\"target\":[\"https:\/\/omelhorcroissantdaminharua.com\/es\/contatos\/\"]}]}]}<\/script>\n<!-- \/ Yoast SEO plugin. -->","_links":{"self":[{"href":"https:\/\/omelhorcroissantdaminharua.com\/es\/wp-json\/wp\/v2\/pages\/1001"}],"collection":[{"href":"https:\/\/omelhorcroissantdaminharua.com\/es\/wp-json\/wp\/v2\/pages"}],"about":[{"href":"https:\/\/omelhorcroissantdaminharua.com\/es\/wp-json\/wp\/v2\/types\/page"}],"author":[{"embeddable":true,"href":"https:\/\/omelhorcroissantdaminharua.com\/es\/wp-json\/wp\/v2\/users\/1"}],"replies":[{"embeddable":true,"href":"https:\/\/omelhorcroissantdaminharua.com\/es\/wp-json\/wp\/v2\/comments?post=1001"}],"version-history":[{"count":31,"href":"https:\/\/omelhorcroissantdaminharua.com\/es\/wp-json\/wp\/v2\/pages\/1001\/revisions"}],"predecessor-version":[{"id":2763,"href":"https:\/\/omelhorcroissantdaminharua.com\/es\/wp-json\/wp\/v2\/pages\/1001\/revisions\/2763"}],"wp:featuredmedia":[{"embeddable":true,"href":"https:\/\/omelhorcroissantdaminharua.com\/es\/wp-json\/wp\/v2\/media\/1014"}],"wp:attachment":[{"href":"https:\/\/omelhorcroissantdaminharua.com\/es\/wp-json\/wp\/v2\/media?parent=1001"}],"curies":[{"name":"wp","href":"https:\/\/api.w.org\/{rel}","templated":true}]}}