{"id":2065,"date":"2020-11-10T21:53:48","date_gmt":"2020-11-10T21:53:48","guid":{"rendered":"http:\/\/omelhorcroissantdaminharua.com\/encomendas\/?page_id=2065"},"modified":"2020-11-18T00:18:37","modified_gmt":"2020-11-18T00:18:37","slug":"encomendas","status":"publish","type":"page","link":"https:\/\/omelhorcroissantdaminharua.com\/encomendas\/","title":{"rendered":"Encomendas"},"content":{"rendered":"\t\t<div data-elementor-type=\"wp-page\" data-elementor-id=\"2065\" class=\"elementor elementor-2065\" data-elementor-settings=\"[]\">\n\t\t\t\t\t\t<div class=\"elementor-inner\">\n\t\t\t\t\t\t\t<div class=\"elementor-section-wrap\">\n\t\t\t\t\t\t\t<section class=\"elementor-section elementor-top-section elementor-element elementor-element-4cf4fb2 elementor-section-boxed elementor-section-height-default elementor-section-height-default\" data-id=\"4cf4fb2\" data-element_type=\"section\">\n\t\t\t\t\t\t<div class=\"elementor-container elementor-column-gap-default\">\n\t\t\t\t\t\t\t<div class=\"elementor-row\">\n\t\t\t\t\t<div class=\"elementor-column elementor-col-100 elementor-top-column elementor-element elementor-element-6b9f7b9\" data-id=\"6b9f7b9\" data-element_type=\"column\">\n\t\t\t<div class=\"elementor-column-wrap elementor-element-populated\">\n\t\t\t\t\t\t\t<div class=\"elementor-widget-wrap\">\n\t\t\t\t\t\t<div class=\"elementor-element elementor-element-79a122b elementor-widget elementor-widget-text-editor\" data-id=\"79a122b\" data-element_type=\"widget\" data-widget_type=\"text-editor.default\">\n\t\t\t\t<div class=\"elementor-widget-container\">\n\t\t\t\t\t<div class=\"elementor-text-editor elementor-clearfix\"><h5 style=\"text-align: center;\">Escolha o que quer levar para a sua mesa.<br \/>fa\u00e7a a sua encomenda nesta p\u00e1gina.<\/h5><\/div>\n\t\t\t\t<\/div>\n\t\t\t\t<\/div>\n\t\t\t\t\t\t<\/div>\n\t\t\t\t\t<\/div>\n\t\t<\/div>\n\t\t\t\t\t\t\t\t<\/div>\n\t\t\t\t\t<\/div>\n\t\t<\/section>\n\t\t\t\t<section class=\"elementor-section elementor-top-section elementor-element elementor-element-64a0d7a elementor-section-boxed elementor-section-height-default elementor-section-height-default\" data-id=\"64a0d7a\" data-element_type=\"section\">\n\t\t\t\t\t\t<div class=\"elementor-container elementor-column-gap-default\">\n\t\t\t\t\t\t\t<div class=\"elementor-row\">\n\t\t\t\t\t<div class=\"elementor-column elementor-col-100 elementor-top-column elementor-element elementor-element-cd0f23d\" data-id=\"cd0f23d\" data-element_type=\"column\">\n\t\t\t<div class=\"elementor-column-wrap elementor-element-populated\">\n\t\t\t\t\t\t\t<div class=\"elementor-widget-wrap\">\n\t\t\t\t\t\t<div class=\"elementor-element elementor-element-72d7039 elementor-widget elementor-widget-shortcode\" data-id=\"72d7039\" data-element_type=\"widget\" data-widget_type=\"shortcode.default\">\n\t\t\t\t<div class=\"elementor-widget-container\">\n\t\t\t\t\t<div class=\"elementor-shortcode\"><div class=\"woocommerce columns-4 \"><ul class=\"products columns-4\">\n<li class=\"product type-product post-2077 status-publish instock product_cat-natal has-post-thumbnail taxable shipping-taxable purchasable product-type-simple\">\n\n\t<img width=\"300\" height=\"300\" src=\"https:\/\/omelhorcroissantdaminharua.com\/encomendas\/wp-content\/uploads\/2020\/11\/bolo_rainha-300x300.jpg\" class=\"attachment-woocommerce_thumbnail size-woocommerce_thumbnail\" alt=\"\" loading=\"lazy\" srcset=\"https:\/\/omelhorcroissantdaminharua.com\/encomendas\/wp-content\/uploads\/2020\/11\/bolo_rainha-300x300.jpg 300w, https:\/\/omelhorcroissantdaminharua.com\/encomendas\/wp-content\/uploads\/2020\/11\/bolo_rainha-150x150.jpg 150w, https:\/\/omelhorcroissantdaminharua.com\/encomendas\/wp-content\/uploads\/2020\/11\/bolo_rainha-400x400.jpg 400w, https:\/\/omelhorcroissantdaminharua.com\/encomendas\/wp-content\/uploads\/2020\/11\/bolo_rainha-100x100.jpg 100w, https:\/\/omelhorcroissantdaminharua.com\/encomendas\/wp-content\/uploads\/2020\/11\/bolo_rainha.jpg 600w\" sizes=\"(max-width: 300px) 100vw, 300px\" \/>\n\t<h4 class=\"product__title\">Bolo Croissant Rainha<\/h4>\n\n        <hr\/>\n\n\t<\/li><li class=\"product type-product post-2082 status-publish last instock product_cat-natal has-post-thumbnail taxable shipping-taxable purchasable product-type-simple\">\n\n\t<img width=\"300\" height=\"300\" src=\"https:\/\/omelhorcroissantdaminharua.com\/encomendas\/wp-content\/uploads\/2020\/11\/bolo_rei-300x300.jpg\" class=\"attachment-woocommerce_thumbnail size-woocommerce_thumbnail\" alt=\"\" loading=\"lazy\" srcset=\"https:\/\/omelhorcroissantdaminharua.com\/encomendas\/wp-content\/uploads\/2020\/11\/bolo_rei-300x300.jpg 300w, https:\/\/omelhorcroissantdaminharua.com\/encomendas\/wp-content\/uploads\/2020\/11\/bolo_rei-150x150.jpg 150w, https:\/\/omelhorcroissantdaminharua.com\/encomendas\/wp-content\/uploads\/2020\/11\/bolo_rei-400x400.jpg 400w, https:\/\/omelhorcroissantdaminharua.com\/encomendas\/wp-content\/uploads\/2020\/11\/bolo_rei-100x100.jpg 100w, https:\/\/omelhorcroissantdaminharua.com\/encomendas\/wp-content\/uploads\/2020\/11\/bolo_rei.jpg 600w\" sizes=\"(max-width: 300px) 100vw, 300px\" \/>\n\t<h4 class=\"product__title\">Bolo Croissant Rei<\/h4>\n\n        <hr\/>\n\n\t<\/li><li class=\"product type-product post-2086 status-publish instock product_cat-natal has-post-thumbnail taxable shipping-taxable purchasable product-type-simple\">\n\n\t<img width=\"300\" height=\"300\" src=\"https:\/\/omelhorcroissantdaminharua.com\/encomendas\/wp-content\/uploads\/2020\/11\/estela_rainha-300x300.jpg\" class=\"attachment-woocommerce_thumbnail size-woocommerce_thumbnail\" alt=\"\" loading=\"lazy\" srcset=\"https:\/\/omelhorcroissantdaminharua.com\/encomendas\/wp-content\/uploads\/2020\/11\/estela_rainha-300x300.jpg 300w, https:\/\/omelhorcroissantdaminharua.com\/encomendas\/wp-content\/uploads\/2020\/11\/estela_rainha-150x150.jpg 150w, https:\/\/omelhorcroissantdaminharua.com\/encomendas\/wp-content\/uploads\/2020\/11\/estela_rainha-400x400.jpg 400w, https:\/\/omelhorcroissantdaminharua.com\/encomendas\/wp-content\/uploads\/2020\/11\/estela_rainha-100x100.jpg 100w, https:\/\/omelhorcroissantdaminharua.com\/encomendas\/wp-content\/uploads\/2020\/11\/estela_rainha.jpg 600w\" sizes=\"(max-width: 300px) 100vw, 300px\" \/>\n\t<h4 class=\"product__title\">Estrela de Natal Rainha<\/h4>\n\n        <hr\/>\n\n\t<\/li><li class=\"product type-product post-2084 status-publish last instock product_cat-natal has-post-thumbnail taxable shipping-taxable purchasable product-type-simple\">\n\n\t<img width=\"300\" height=\"300\" src=\"https:\/\/omelhorcroissantdaminharua.com\/encomendas\/wp-content\/uploads\/2020\/11\/estela_rei-300x300.jpg\" class=\"attachment-woocommerce_thumbnail size-woocommerce_thumbnail\" alt=\"\" loading=\"lazy\" srcset=\"https:\/\/omelhorcroissantdaminharua.com\/encomendas\/wp-content\/uploads\/2020\/11\/estela_rei-300x300.jpg 300w, https:\/\/omelhorcroissantdaminharua.com\/encomendas\/wp-content\/uploads\/2020\/11\/estela_rei-150x150.jpg 150w, https:\/\/omelhorcroissantdaminharua.com\/encomendas\/wp-content\/uploads\/2020\/11\/estela_rei-400x400.jpg 400w, https:\/\/omelhorcroissantdaminharua.com\/encomendas\/wp-content\/uploads\/2020\/11\/estela_rei-100x100.jpg 100w, https:\/\/omelhorcroissantdaminharua.com\/encomendas\/wp-content\/uploads\/2020\/11\/estela_rei.jpg 600w\" sizes=\"(max-width: 300px) 100vw, 300px\" \/>\n\t<h4 class=\"product__title\">Estrela de Natal Rei<\/h4>\n\n        <hr\/>\n\n\t<\/li><\/ul>\n<\/div><\/div>\n\t\t\t\t<\/div>\n\t\t\t\t<\/div>\n\t\t\t\t\t\t<\/div>\n\t\t\t\t\t<\/div>\n\t\t<\/div>\n\t\t\t\t\t\t\t\t<\/div>\n\t\t\t\t\t<\/div>\n\t\t<\/section>\n\t\t\t\t<section class=\"elementor-section elementor-top-section elementor-element elementor-element-cb0a342 elementor-section-boxed elementor-section-height-default elementor-section-height-default\" data-id=\"cb0a342\" data-element_type=\"section\">\n\t\t\t\t\t\t<div class=\"elementor-container elementor-column-gap-default\">\n\t\t\t\t\t\t\t<div class=\"elementor-row\">\n\t\t\t\t\t<div class=\"elementor-column elementor-col-100 elementor-top-column elementor-element elementor-element-c462d68\" data-id=\"c462d68\" data-element_type=\"column\">\n\t\t\t<div class=\"elementor-column-wrap elementor-element-populated\">\n\t\t\t\t\t\t\t<div class=\"elementor-widget-wrap\">\n\t\t\t\t\t\t<div class=\"elementor-element elementor-element-816e1e2 tutorial elementor-widget elementor-widget-text-editor\" data-id=\"816e1e2\" data-element_type=\"widget\" data-widget_type=\"text-editor.default\">\n\t\t\t\t<div class=\"elementor-widget-container\">\n\t\t\t\t\t<div class=\"elementor-text-editor elementor-clearfix\"><ul><li>Para al\u00e9m das v\u00e1rias op\u00e7\u00f5es ainda pode pedir dois extras \u00e0 escolha: doce de ovo ou fios de ovos, para ficar ao seu gosto;<\/li><li>Escolha qual a del\u00edcia que prefere e qual a sua loja de prefer\u00eancia para a recolha;<\/li><li>Fa\u00e7a a sua encomenda at\u00e9 \u00e0s 18h para poder levantar no dia seguinte. *<\/li><\/ul><p><span class=\"alert\">*<\/span><span class=\"alert-text\">Apesar das encomendas at\u00e9 \u00e0s 18h00 estarem preparadas logo no dia seguinte, n\u00e3o conseguimos fazer encomendas para o pr\u00f3prio dia e vamos ter alguns dias mais pr\u00f3ximos das grandes datas em que precisamos de maior anteced\u00eancia. Consulte <u>a nossa\u00a0pol\u00edtica de encomendas<\/u>\u00a0e quais os\u00a0<u>m\u00e9todos de pagamento<\/u>\u00a0para garantir que tem um natal delicioso que deseja.<\/span><\/p><\/div>\n\t\t\t\t<\/div>\n\t\t\t\t<\/div>\n\t\t\t\t\t\t<\/div>\n\t\t\t\t\t<\/div>\n\t\t<\/div>\n\t\t\t\t\t\t\t\t<\/div>\n\t\t\t\t\t<\/div>\n\t\t<\/section>\n\t\t\t\t<section class=\"elementor-section elementor-top-section elementor-element elementor-element-be3c1f8 elementor-section-boxed elementor-section-height-default elementor-section-height-default\" data-id=\"be3c1f8\" data-element_type=\"section\">\n\t\t\t\t\t\t<div class=\"elementor-container elementor-column-gap-default\">\n\t\t\t\t\t\t\t<div class=\"elementor-row\">\n\t\t\t\t\t<div class=\"elementor-column elementor-col-100 elementor-top-column elementor-element elementor-element-447d56a\" data-id=\"447d56a\" data-element_type=\"column\">\n\t\t\t<div class=\"elementor-column-wrap elementor-element-populated\">\n\t\t\t\t\t\t\t<div class=\"elementor-widget-wrap\">\n\t\t\t\t\t\t<div class=\"elementor-element elementor-element-46f1d0a elementor-widget elementor-widget-shortcode\" data-id=\"46f1d0a\" data-element_type=\"widget\" data-widget_type=\"shortcode.default\">\n\t\t\t\t<div class=\"elementor-widget-container\">\n\t\t\t\t\t<div class=\"elementor-shortcode\"><div class=\"woocommerce\"><!-- \t<p class=\"return-to-shop\">\n\t\t<a class=\"btn  btn--secondary\" href=\"https:\/\/omelhorcroissantdaminharua.com\/encomendas\">\n\t\t\tVoltar para a loja\t\t<\/a>\n\t<\/p>\n\t -->\n<\/div><\/div>\n\t\t\t\t<\/div>\n\t\t\t\t<\/div>\n\t\t\t\t\t\t<\/div>\n\t\t\t\t\t<\/div>\n\t\t<\/div>\n\t\t\t\t\t\t\t\t<\/div>\n\t\t\t\t\t<\/div>\n\t\t<\/section>\n\t\t\t\t\t\t<\/div>\n\t\t\t\t\t\t<\/div>\n\t\t\t\t\t<\/div>\n\t\t","protected":false},"excerpt":{"rendered":"<p>Escolha o que quer levar para a sua mesa.fa\u00e7a a sua encomenda nesta p\u00e1gina. Para al\u00e9m das v\u00e1rias op\u00e7\u00f5es ainda pode pedir dois extras \u00e0 escolha: doce de ovo ou fios de ovos, para ficar ao seu gosto; Escolha qual a del\u00edcia que prefere e qual a sua loja de prefer\u00eancia para a recolha; Fa\u00e7a..<\/p>\n","protected":false},"author":5,"featured_media":2071,"parent":0,"menu_order":0,"comment_status":"closed","ping_status":"closed","template":"","meta":[],"yoast_head":"<!-- This site is optimized with the Yoast SEO plugin v15.2.1 - https:\/\/yoast.com\/wordpress\/plugins\/seo\/ -->\n<meta name=\"robots\" content=\"noindex, follow, max-snippet:-1, max-image-preview:large, max-video-preview:-1\" \/>\n<meta property=\"og:locale\" content=\"pt_PT\" \/>\n<meta property=\"og:type\" content=\"article\" \/>\n<meta property=\"og:title\" content=\"Encomendas - O Melhor Croissant da Minha Rua\" \/>\n<meta property=\"og:description\" content=\"Escolha o que quer levar para a sua mesa.fa\u00e7a a sua encomenda nesta p\u00e1gina. Para al\u00e9m das v\u00e1rias op\u00e7\u00f5es ainda pode pedir dois extras \u00e0 escolha: doce de ovo ou fios de ovos, para ficar ao seu gosto; Escolha qual a del\u00edcia que prefere e qual a sua loja de prefer\u00eancia para a recolha; Fa\u00e7a..\" \/>\n<meta property=\"og:url\" content=\"https:\/\/omelhorcroissantdaminharua.com\/encomendas\/\" \/>\n<meta property=\"og:site_name\" content=\"O Melhor Croissant da Minha Rua\" \/>\n<meta property=\"article:modified_time\" content=\"2020-11-18T00:18:37+00:00\" \/>\n<meta property=\"og:image\" content=\"https:\/\/omelhorcroissantdaminharua.com\/encomendas\/wp-content\/uploads\/2020\/11\/banner_landing_page.jpg\" \/>\n\t<meta property=\"og:image:width\" content=\"1440\" \/>\n\t<meta property=\"og:image:height\" content=\"520\" \/>\n<meta name=\"twitter:card\" content=\"summary_large_image\" \/>\n<meta name=\"twitter:label1\" content=\"Written by\">\n\t<meta name=\"twitter:data1\" content=\"Filipe Gon\u00e7alves\">\n\t<meta name=\"twitter:label2\" content=\"Est. reading time\">\n\t<meta name=\"twitter:data2\" content=\"1 minuto\">\n<script type=\"application\/ld+json\" class=\"yoast-schema-graph\">{\"@context\":\"https:\/\/schema.org\",\"@graph\":[{\"@type\":\"WebSite\",\"@id\":\"https:\/\/omelhorcroissantdaminharua.com\/encomendas\/#website\",\"url\":\"https:\/\/omelhorcroissantdaminharua.com\/encomendas\/\",\"name\":\"O Melhor Croissant da Minha Rua\",\"description\":\"Temos O Croissant Portugu\\u00eas \\u00e0 sua espera em Sesimbra, em Lisboa, em Set\\u00fabal e em Carcavelos, em Alcantara e Odivelas. Venha visitar-nos e delicie-se!\",\"potentialAction\":[{\"@type\":\"SearchAction\",\"target\":\"https:\/\/omelhorcroissantdaminharua.com\/encomendas\/?s={search_term_string}\",\"query-input\":\"required name=search_term_string\"}],\"inLanguage\":\"pt-PT\"},{\"@type\":\"ImageObject\",\"@id\":\"https:\/\/omelhorcroissantdaminharua.com\/encomendas\/#primaryimage\",\"inLanguage\":\"pt-PT\",\"url\":\"https:\/\/omelhorcroissantdaminharua.com\/encomendas\/wp-content\/uploads\/2020\/11\/banner_landing_page.jpg\",\"width\":1440,\"height\":520},{\"@type\":\"WebPage\",\"@id\":\"https:\/\/omelhorcroissantdaminharua.com\/encomendas\/#webpage\",\"url\":\"https:\/\/omelhorcroissantdaminharua.com\/encomendas\/\",\"name\":\"Encomendas - O Melhor Croissant da Minha Rua\",\"isPartOf\":{\"@id\":\"https:\/\/omelhorcroissantdaminharua.com\/encomendas\/#website\"},\"primaryImageOfPage\":{\"@id\":\"https:\/\/omelhorcroissantdaminharua.com\/encomendas\/#primaryimage\"},\"datePublished\":\"2020-11-10T21:53:48+00:00\",\"dateModified\":\"2020-11-18T00:18:37+00:00\",\"inLanguage\":\"pt-PT\",\"potentialAction\":[{\"@type\":\"ReadAction\",\"target\":[\"https:\/\/omelhorcroissantdaminharua.com\/encomendas\/\"]}]}]}<\/script>\n<!-- \/ Yoast SEO plugin. -->","_links":{"self":[{"href":"https:\/\/omelhorcroissantdaminharua.com\/encomendas\/wp-json\/wp\/v2\/pages\/2065"}],"collection":[{"href":"https:\/\/omelhorcroissantdaminharua.com\/encomendas\/wp-json\/wp\/v2\/pages"}],"about":[{"href":"https:\/\/omelhorcroissantdaminharua.com\/encomendas\/wp-json\/wp\/v2\/types\/page"}],"author":[{"embeddable":true,"href":"https:\/\/omelhorcroissantdaminharua.com\/encomendas\/wp-json\/wp\/v2\/users\/5"}],"replies":[{"embeddable":true,"href":"https:\/\/omelhorcroissantdaminharua.com\/encomendas\/wp-json\/wp\/v2\/comments?post=2065"}],"version-history":[{"count":23,"href":"https:\/\/omelhorcroissantdaminharua.com\/encomendas\/wp-json\/wp\/v2\/pages\/2065\/revisions"}],"predecessor-version":[{"id":2211,"href":"https:\/\/omelhorcroissantdaminharua.com\/encomendas\/wp-json\/wp\/v2\/pages\/2065\/revisions\/2211"}],"wp:featuredmedia":[{"embeddable":true,"href":"https:\/\/omelhorcroissantdaminharua.com\/encomendas\/wp-json\/wp\/v2\/media\/2071"}],"wp:attachment":[{"href":"https:\/\/omelhorcroissantdaminharua.com\/encomendas\/wp-json\/wp\/v2\/media?parent=2065"}],"curies":[{"name":"wp","href":"https:\/\/api.w.org\/{rel}","templated":true}]}}